{"id":1583,"date":"2023-12-20T16:33:39","date_gmt":"2023-12-20T16:33:39","guid":{"rendered":"http:\/\/maniadesign.pl\/?page_id=1583"},"modified":"2024-11-19T20:39:21","modified_gmt":"2024-11-19T20:39:21","slug":"krakow-podgorze-13m2","status":"publish","type":"page","link":"https:\/\/maniadesign.pl\/index.php\/krakow-podgorze-13m2\/","title":{"rendered":"Krak\u00f3w Podg\u00f3rze 13m2"},"content":{"rendered":"\t\t<div data-elementor-type=\"wp-page\" data-elementor-id=\"1583\" class=\"elementor elementor-1583\" data-elementor-post-type=\"page\">\n\t\t\t\t\t\t<section class=\"elementor-section elementor-top-section elementor-element elementor-element-4fe9d714 elementor-section-boxed elementor-section-height-default elementor-section-height-default\" data-id=\"4fe9d714\" data-element_type=\"section\" data-e-type=\"section\">\n\t\t\t\t\t\t<div class=\"elementor-container elementor-column-gap-default\">\n\t\t\t\t\t<div class=\"elementor-column elementor-col-100 elementor-top-column elementor-element elementor-element-72fa10ea\" data-id=\"72fa10ea\" data-element_type=\"column\" data-e-type=\"column\">\n\t\t\t<div class=\"elementor-widget-wrap elementor-element-populated\">\n\t\t\t\t\t\t<div class=\"elementor-element elementor-element-1c80785b elementor-invisible elementor-widget elementor-widget-heading\" data-id=\"1c80785b\" data-element_type=\"widget\" data-e-type=\"widget\" data-settings=\"{&quot;_animation&quot;:&quot;fadeIn&quot;}\" data-widget_type=\"heading.default\">\n\t\t\t\t<div class=\"elementor-widget-container\">\n\t\t\t\t\t<h2 class=\"elementor-heading-title elementor-size-default\">Krak\u00f3w, Podg\u00f3rze, 15m\u00b2<\/h2>\t\t\t\t<\/div>\n\t\t\t\t<\/div>\n\t\t\t\t\t<\/div>\n\t\t<\/div>\n\t\t\t\t\t<\/div>\n\t\t<\/section>\n\t\t\t\t<section class=\"elementor-section elementor-top-section elementor-element elementor-element-43c3741 elementor-section-boxed elementor-section-height-default elementor-section-height-default\" data-id=\"43c3741\" data-element_type=\"section\" data-e-type=\"section\">\n\t\t\t\t\t\t<div class=\"elementor-container elementor-column-gap-default\">\n\t\t\t\t\t<div class=\"elementor-column elementor-col-100 elementor-top-column elementor-element elementor-element-74819e11\" data-id=\"74819e11\" data-element_type=\"column\" data-e-type=\"column\">\n\t\t\t<div class=\"elementor-widget-wrap elementor-element-populated\">\n\t\t\t\t\t\t<div class=\"elementor-element elementor-element-592d7a8d elementor-invisible elementor-widget elementor-widget-image\" data-id=\"592d7a8d\" data-element_type=\"widget\" data-e-type=\"widget\" data-settings=\"{&quot;_animation&quot;:&quot;fadeIn&quot;}\" data-widget_type=\"image.default\">\n\t\t\t\t<div class=\"elementor-widget-container\">\n\t\t\t\t\t\t\t\t\t\t\t\t\t\t\t<img fetchpriority=\"high\" decoding=\"async\" width=\"1298\" height=\"857\" src=\"https:\/\/maniadesign.pl\/wp-content\/uploads\/2023\/10\/krakow-podgorze-2023-01.webp\" class=\"attachment-full size-full wp-image-1048\" alt=\"\" srcset=\"https:\/\/maniadesign.pl\/wp-content\/uploads\/2023\/10\/krakow-podgorze-2023-01.webp 1298w, https:\/\/maniadesign.pl\/wp-content\/uploads\/2023\/10\/krakow-podgorze-2023-01-300x198.webp 300w, https:\/\/maniadesign.pl\/wp-content\/uploads\/2023\/10\/krakow-podgorze-2023-01-1024x676.webp 1024w, https:\/\/maniadesign.pl\/wp-content\/uploads\/2023\/10\/krakow-podgorze-2023-01-768x507.webp 768w\" sizes=\"(max-width: 1298px) 100vw, 1298px\" \/>\t\t\t\t\t\t\t\t\t\t\t\t\t\t\t<\/div>\n\t\t\t\t<\/div>\n\t\t\t\t<div class=\"elementor-element elementor-element-3a9b6c5e elementor-invisible elementor-widget elementor-widget-image\" data-id=\"3a9b6c5e\" data-element_type=\"widget\" data-e-type=\"widget\" data-settings=\"{&quot;_animation&quot;:&quot;fadeIn&quot;}\" data-widget_type=\"image.default\">\n\t\t\t\t<div class=\"elementor-widget-container\">\n\t\t\t\t\t\t\t\t\t\t\t\t\t\t\t<img decoding=\"async\" width=\"1298\" height=\"857\" src=\"https:\/\/maniadesign.pl\/wp-content\/uploads\/2023\/10\/krakow-podgorze-2023-02.webp\" class=\"attachment-full size-full wp-image-1049\" alt=\"\" srcset=\"https:\/\/maniadesign.pl\/wp-content\/uploads\/2023\/10\/krakow-podgorze-2023-02.webp 1298w, https:\/\/maniadesign.pl\/wp-content\/uploads\/2023\/10\/krakow-podgorze-2023-02-300x198.webp 300w, https:\/\/maniadesign.pl\/wp-content\/uploads\/2023\/10\/krakow-podgorze-2023-02-1024x676.webp 1024w, https:\/\/maniadesign.pl\/wp-content\/uploads\/2023\/10\/krakow-podgorze-2023-02-768x507.webp 768w\" sizes=\"(max-width: 1298px) 100vw, 1298px\" \/>\t\t\t\t\t\t\t\t\t\t\t\t\t\t\t<\/div>\n\t\t\t\t<\/div>\n\t\t\t\t<div class=\"elementor-element elementor-element-214c2c7c elementor-invisible elementor-widget elementor-widget-image\" data-id=\"214c2c7c\" data-element_type=\"widget\" data-e-type=\"widget\" data-settings=\"{&quot;_animation&quot;:&quot;fadeIn&quot;}\" data-widget_type=\"image.default\">\n\t\t\t\t<div class=\"elementor-widget-container\">\n\t\t\t\t\t\t\t\t\t\t\t\t\t\t\t<img decoding=\"async\" width=\"1298\" height=\"857\" src=\"https:\/\/maniadesign.pl\/wp-content\/uploads\/2023\/10\/krakow-podgorze-2023-03.webp\" class=\"attachment-full size-full wp-image-1050\" alt=\"\" srcset=\"https:\/\/maniadesign.pl\/wp-content\/uploads\/2023\/10\/krakow-podgorze-2023-03.webp 1298w, https:\/\/maniadesign.pl\/wp-content\/uploads\/2023\/10\/krakow-podgorze-2023-03-300x198.webp 300w, https:\/\/maniadesign.pl\/wp-content\/uploads\/2023\/10\/krakow-podgorze-2023-03-1024x676.webp 1024w, https:\/\/maniadesign.pl\/wp-content\/uploads\/2023\/10\/krakow-podgorze-2023-03-768x507.webp 768w\" sizes=\"(max-width: 1298px) 100vw, 1298px\" \/>\t\t\t\t\t\t\t\t\t\t\t\t\t\t\t<\/div>\n\t\t\t\t<\/div>\n\t\t\t\t<div class=\"elementor-element elementor-element-6e4b872 elementor-invisible elementor-widget elementor-widget-image\" data-id=\"6e4b872\" data-element_type=\"widget\" data-e-type=\"widget\" data-settings=\"{&quot;_animation&quot;:&quot;fadeIn&quot;}\" data-widget_type=\"image.default\">\n\t\t\t\t<div class=\"elementor-widget-container\">\n\t\t\t\t\t\t\t\t\t\t\t\t\t\t\t<img loading=\"lazy\" decoding=\"async\" width=\"2560\" height=\"1690\" src=\"https:\/\/maniadesign.pl\/wp-content\/uploads\/2023\/11\/MILOSZ_W-4-WIZUALIZACJA-KUCHNI-scaled.jpg\" class=\"attachment-full size-full wp-image-1471\" alt=\"\" srcset=\"https:\/\/maniadesign.pl\/wp-content\/uploads\/2023\/11\/MILOSZ_W-4-WIZUALIZACJA-KUCHNI-scaled.jpg 2560w, https:\/\/maniadesign.pl\/wp-content\/uploads\/2023\/11\/MILOSZ_W-4-WIZUALIZACJA-KUCHNI-300x198.jpg 300w, https:\/\/maniadesign.pl\/wp-content\/uploads\/2023\/11\/MILOSZ_W-4-WIZUALIZACJA-KUCHNI-1024x676.jpg 1024w, https:\/\/maniadesign.pl\/wp-content\/uploads\/2023\/11\/MILOSZ_W-4-WIZUALIZACJA-KUCHNI-768x507.jpg 768w, https:\/\/maniadesign.pl\/wp-content\/uploads\/2023\/11\/MILOSZ_W-4-WIZUALIZACJA-KUCHNI-1536x1014.jpg 1536w, https:\/\/maniadesign.pl\/wp-content\/uploads\/2023\/11\/MILOSZ_W-4-WIZUALIZACJA-KUCHNI-2048x1352.jpg 2048w\" sizes=\"(max-width: 2560px) 100vw, 2560px\" \/>\t\t\t\t\t\t\t\t\t\t\t\t\t\t\t<\/div>\n\t\t\t\t<\/div>\n\t\t\t\t\t<\/div>\n\t\t<\/div>\n\t\t\t\t\t<\/div>\n\t\t<\/section>\n\t\t\t\t<section class=\"elementor-section elementor-top-section elementor-element elementor-element-1518190c elementor-section-boxed elementor-section-height-default elementor-section-height-default\" data-id=\"1518190c\" data-element_type=\"section\" data-e-type=\"section\">\n\t\t\t\t\t\t<div class=\"elementor-container elementor-column-gap-default\">\n\t\t\t\t\t<div class=\"elementor-column elementor-col-100 elementor-top-column elementor-element elementor-element-455ab0c7\" data-id=\"455ab0c7\" data-element_type=\"column\" data-e-type=\"column\">\n\t\t\t<div class=\"elementor-widget-wrap elementor-element-populated\">\n\t\t\t\t\t\t<div class=\"elementor-element elementor-element-13dab408 elementor-view-default elementor-invisible elementor-widget elementor-widget-icon\" data-id=\"13dab408\" data-element_type=\"widget\" data-e-type=\"widget\" data-settings=\"{&quot;_animation&quot;:&quot;fadeInRight&quot;}\" data-widget_type=\"icon.default\">\n\t\t\t\t<div class=\"elementor-widget-container\">\n\t\t\t\t\t\t\t<div class=\"elementor-icon-wrapper\">\n\t\t\t<div class=\"elementor-icon\">\n\t\t\t<i aria-hidden=\"true\" class=\"far fa-arrow-alt-circle-left\"><\/i>\t\t\t<\/div>\n\t\t<\/div>\n\t\t\t\t\t\t<\/div>\n\t\t\t\t<\/div>\n\t\t\t\t\t<\/div>\n\t\t<\/div>\n\t\t\t\t\t<\/div>\n\t\t<\/section>\n\t\t\t\t<\/div>\n\t\t","protected":false},"excerpt":{"rendered":"<p>Krak\u00f3w, Podg\u00f3rze, 15m\u00b2<\/p>\n","protected":false},"author":1,"featured_media":0,"parent":0,"menu_order":0,"comment_status":"closed","ping_status":"closed","template":"","meta":{"site-sidebar-layout":"no-sidebar","site-content-layout":"page-builder","ast-site-content-layout":"full-width-container","site-content-style":"default","site-sidebar-style":"default","ast-global-header-display":"","ast-banner-title-visibility":"","ast-main-header-display":"","ast-hfb-above-header-display":"","ast-hfb-below-header-display":"","ast-hfb-mobile-header-display":"","site-post-title":"disabled","ast-breadcrumbs-content":"","ast-featured-img":"disabled","footer-sml-layout":"","theme-transparent-header-meta":"","adv-header-id-meta":"","stick-header-meta":"","header-above-stick-meta":"","header-main-stick-meta":"","header-below-stick-meta":"","astra-migrate-meta-layouts":"set","footnotes":""},"class_list":["post-1583","page","type-page","status-publish","hentry"],"yoast_head":"<!-- This site is optimized with the Yoast SEO Premium plugin v21.7 (Yoast SEO v23.4) - https:\/\/yoast.com\/wordpress\/plugins\/seo\/ -->\n<title>Krak\u00f3w Podg\u00f3rze 13m2 - Mania Design - Projektowanie Wn\u0119trz<\/title>\n<meta name=\"robots\" content=\"index, follow, max-snippet:-1, max-image-preview:large, max-video-preview:-1\" \/>\n<link rel=\"canonical\" href=\"https:\/\/maniadesign.pl\/index.php\/krakow-podgorze-13m2\/\" \/>\n<meta property=\"og:locale\" content=\"pl_PL\" \/>\n<meta property=\"og:type\" content=\"article\" \/>\n<meta property=\"og:title\" content=\"Krak\u00f3w Podg\u00f3rze 13m2\" \/>\n<meta property=\"og:description\" content=\"Krak\u00f3w, Podg\u00f3rze, 15m\u00b2\" \/>\n<meta property=\"og:url\" content=\"https:\/\/maniadesign.pl\/index.php\/krakow-podgorze-13m2\/\" \/>\n<meta property=\"og:site_name\" content=\"Mania Design - Projektowanie Wn\u0119trz\" \/>\n<meta property=\"article:modified_time\" content=\"2024-11-19T20:39:21+00:00\" \/>\n<meta property=\"og:image\" content=\"https:\/\/maniadesign.pl\/wp-content\/uploads\/2023\/10\/krakow-podgorze-2023-01.webp\" \/>\n<meta name=\"twitter:card\" content=\"summary_large_image\" \/>\n<meta name=\"twitter:label1\" content=\"Szacowany czas czytania\" \/>\n\t<meta name=\"twitter:data1\" content=\"1 minuta\" \/>\n<script type=\"application\/ld+json\" class=\"yoast-schema-graph\">{\"@context\":\"https:\/\/schema.org\",\"@graph\":[{\"@type\":\"WebPage\",\"@id\":\"https:\/\/maniadesign.pl\/index.php\/krakow-podgorze-13m2\/\",\"url\":\"https:\/\/maniadesign.pl\/index.php\/krakow-podgorze-13m2\/\",\"name\":\"Krak\u00f3w Podg\u00f3rze 13m2 - Mania Design - Projektowanie Wn\u0119trz\",\"isPartOf\":{\"@id\":\"https:\/\/maniadesign.pl\/#website\"},\"primaryImageOfPage\":{\"@id\":\"https:\/\/maniadesign.pl\/index.php\/krakow-podgorze-13m2\/#primaryimage\"},\"image\":{\"@id\":\"https:\/\/maniadesign.pl\/index.php\/krakow-podgorze-13m2\/#primaryimage\"},\"thumbnailUrl\":\"https:\/\/maniadesign.pl\/wp-content\/uploads\/2023\/10\/krakow-podgorze-2023-01.webp\",\"datePublished\":\"2023-12-20T16:33:39+00:00\",\"dateModified\":\"2024-11-19T20:39:21+00:00\",\"breadcrumb\":{\"@id\":\"https:\/\/maniadesign.pl\/index.php\/krakow-podgorze-13m2\/#breadcrumb\"},\"inLanguage\":\"pl-PL\",\"potentialAction\":[{\"@type\":\"ReadAction\",\"target\":[\"https:\/\/maniadesign.pl\/index.php\/krakow-podgorze-13m2\/\"]}]},{\"@type\":\"ImageObject\",\"inLanguage\":\"pl-PL\",\"@id\":\"https:\/\/maniadesign.pl\/index.php\/krakow-podgorze-13m2\/#primaryimage\",\"url\":\"https:\/\/maniadesign.pl\/wp-content\/uploads\/2023\/10\/krakow-podgorze-2023-01.webp\",\"contentUrl\":\"https:\/\/maniadesign.pl\/wp-content\/uploads\/2023\/10\/krakow-podgorze-2023-01.webp\",\"width\":1298,\"height\":857},{\"@type\":\"BreadcrumbList\",\"@id\":\"https:\/\/maniadesign.pl\/index.php\/krakow-podgorze-13m2\/#breadcrumb\",\"itemListElement\":[{\"@type\":\"ListItem\",\"position\":1,\"name\":\"Strona g\u0142\u00f3wna\",\"item\":\"https:\/\/maniadesign.pl\/\"},{\"@type\":\"ListItem\",\"position\":2,\"name\":\"Krak\u00f3w Podg\u00f3rze 13m2\"}]},{\"@type\":\"WebSite\",\"@id\":\"https:\/\/maniadesign.pl\/#website\",\"url\":\"https:\/\/maniadesign.pl\/\",\"name\":\"Mania Design - Projektowanie Wn\u0119trz\",\"description\":\"Mania Design - Projektowanie Wn\u0119trz\",\"publisher\":{\"@id\":\"https:\/\/maniadesign.pl\/#organization\"},\"potentialAction\":[{\"@type\":\"SearchAction\",\"target\":{\"@type\":\"EntryPoint\",\"urlTemplate\":\"https:\/\/maniadesign.pl\/?s={search_term_string}\"},\"query-input\":{\"@type\":\"PropertyValueSpecification\",\"valueRequired\":true,\"valueName\":\"search_term_string\"}}],\"inLanguage\":\"pl-PL\"},{\"@type\":\"Organization\",\"@id\":\"https:\/\/maniadesign.pl\/#organization\",\"name\":\"Mania Design - Projektowanie Wn\u0119trz\",\"url\":\"https:\/\/maniadesign.pl\/\",\"logo\":{\"@type\":\"ImageObject\",\"inLanguage\":\"pl-PL\",\"@id\":\"https:\/\/maniadesign.pl\/#\/schema\/logo\/image\/\",\"url\":\"https:\/\/maniadesign.pl\/wp-content\/uploads\/2020\/12\/mania-design-logo-menu.webp\",\"contentUrl\":\"https:\/\/maniadesign.pl\/wp-content\/uploads\/2020\/12\/mania-design-logo-menu.webp\",\"width\":200,\"height\":200,\"caption\":\"Mania Design - Projektowanie Wn\u0119trz\"},\"image\":{\"@id\":\"https:\/\/maniadesign.pl\/#\/schema\/logo\/image\/\"}}]}<\/script>\n<!-- \/ Yoast SEO Premium plugin. -->","yoast_head_json":{"title":"Krak\u00f3w Podg\u00f3rze 13m2 - Mania Design - Projektowanie Wn\u0119trz","robots":{"index":"index","follow":"follow","max-snippet":"max-snippet:-1","max-image-preview":"max-image-preview:large","max-video-preview":"max-video-preview:-1"},"canonical":"https:\/\/maniadesign.pl\/index.php\/krakow-podgorze-13m2\/","og_locale":"pl_PL","og_type":"article","og_title":"Krak\u00f3w Podg\u00f3rze 13m2","og_description":"Krak\u00f3w, Podg\u00f3rze, 15m\u00b2","og_url":"https:\/\/maniadesign.pl\/index.php\/krakow-podgorze-13m2\/","og_site_name":"Mania Design - Projektowanie Wn\u0119trz","article_modified_time":"2024-11-19T20:39:21+00:00","og_image":[{"url":"https:\/\/maniadesign.pl\/wp-content\/uploads\/2023\/10\/krakow-podgorze-2023-01.webp"}],"twitter_card":"summary_large_image","twitter_misc":{"Szacowany czas czytania":"1 minuta"},"schema":{"@context":"https:\/\/schema.org","@graph":[{"@type":"WebPage","@id":"https:\/\/maniadesign.pl\/index.php\/krakow-podgorze-13m2\/","url":"https:\/\/maniadesign.pl\/index.php\/krakow-podgorze-13m2\/","name":"Krak\u00f3w Podg\u00f3rze 13m2 - Mania Design - Projektowanie Wn\u0119trz","isPartOf":{"@id":"https:\/\/maniadesign.pl\/#website"},"primaryImageOfPage":{"@id":"https:\/\/maniadesign.pl\/index.php\/krakow-podgorze-13m2\/#primaryimage"},"image":{"@id":"https:\/\/maniadesign.pl\/index.php\/krakow-podgorze-13m2\/#primaryimage"},"thumbnailUrl":"https:\/\/maniadesign.pl\/wp-content\/uploads\/2023\/10\/krakow-podgorze-2023-01.webp","datePublished":"2023-12-20T16:33:39+00:00","dateModified":"2024-11-19T20:39:21+00:00","breadcrumb":{"@id":"https:\/\/maniadesign.pl\/index.php\/krakow-podgorze-13m2\/#breadcrumb"},"inLanguage":"pl-PL","potentialAction":[{"@type":"ReadAction","target":["https:\/\/maniadesign.pl\/index.php\/krakow-podgorze-13m2\/"]}]},{"@type":"ImageObject","inLanguage":"pl-PL","@id":"https:\/\/maniadesign.pl\/index.php\/krakow-podgorze-13m2\/#primaryimage","url":"https:\/\/maniadesign.pl\/wp-content\/uploads\/2023\/10\/krakow-podgorze-2023-01.webp","contentUrl":"https:\/\/maniadesign.pl\/wp-content\/uploads\/2023\/10\/krakow-podgorze-2023-01.webp","width":1298,"height":857},{"@type":"BreadcrumbList","@id":"https:\/\/maniadesign.pl\/index.php\/krakow-podgorze-13m2\/#breadcrumb","itemListElement":[{"@type":"ListItem","position":1,"name":"Strona g\u0142\u00f3wna","item":"https:\/\/maniadesign.pl\/"},{"@type":"ListItem","position":2,"name":"Krak\u00f3w Podg\u00f3rze 13m2"}]},{"@type":"WebSite","@id":"https:\/\/maniadesign.pl\/#website","url":"https:\/\/maniadesign.pl\/","name":"Mania Design - Projektowanie Wn\u0119trz","description":"Mania Design - Projektowanie Wn\u0119trz","publisher":{"@id":"https:\/\/maniadesign.pl\/#organization"},"potentialAction":[{"@type":"SearchAction","target":{"@type":"EntryPoint","urlTemplate":"https:\/\/maniadesign.pl\/?s={search_term_string}"},"query-input":{"@type":"PropertyValueSpecification","valueRequired":true,"valueName":"search_term_string"}}],"inLanguage":"pl-PL"},{"@type":"Organization","@id":"https:\/\/maniadesign.pl\/#organization","name":"Mania Design - Projektowanie Wn\u0119trz","url":"https:\/\/maniadesign.pl\/","logo":{"@type":"ImageObject","inLanguage":"pl-PL","@id":"https:\/\/maniadesign.pl\/#\/schema\/logo\/image\/","url":"https:\/\/maniadesign.pl\/wp-content\/uploads\/2020\/12\/mania-design-logo-menu.webp","contentUrl":"https:\/\/maniadesign.pl\/wp-content\/uploads\/2020\/12\/mania-design-logo-menu.webp","width":200,"height":200,"caption":"Mania Design - Projektowanie Wn\u0119trz"},"image":{"@id":"https:\/\/maniadesign.pl\/#\/schema\/logo\/image\/"}}]}},"_links":{"self":[{"href":"https:\/\/maniadesign.pl\/index.php\/wp-json\/wp\/v2\/pages\/1583","targetHints":{"allow":["GET"]}}],"collection":[{"href":"https:\/\/maniadesign.pl\/index.php\/wp-json\/wp\/v2\/pages"}],"about":[{"href":"https:\/\/maniadesign.pl\/index.php\/wp-json\/wp\/v2\/types\/page"}],"author":[{"embeddable":true,"href":"https:\/\/maniadesign.pl\/index.php\/wp-json\/wp\/v2\/users\/1"}],"replies":[{"embeddable":true,"href":"https:\/\/maniadesign.pl\/index.php\/wp-json\/wp\/v2\/comments?post=1583"}],"version-history":[{"count":10,"href":"https:\/\/maniadesign.pl\/index.php\/wp-json\/wp\/v2\/pages\/1583\/revisions"}],"predecessor-version":[{"id":1989,"href":"https:\/\/maniadesign.pl\/index.php\/wp-json\/wp\/v2\/pages\/1583\/revisions\/1989"}],"wp:attachment":[{"href":"https:\/\/maniadesign.pl\/index.php\/wp-json\/wp\/v2\/media?parent=1583"}],"curies":[{"name":"wp","href":"https:\/\/api.w.org\/{rel}","templated":true}]}}